{"id":307,"date":"2024-04-13T14:48:37","date_gmt":"2024-04-13T14:48:37","guid":{"rendered":"https:\/\/villasflamenco.com\/?page_id=307"},"modified":"2025-04-05T15:37:45","modified_gmt":"2025-04-05T15:37:45","slug":"motogp-2025","status":"publish","type":"page","link":"https:\/\/villasflamenco.com\/de\/motogp-2025\/","title":{"rendered":"MotoGP 2025"},"content":{"rendered":"<h2 class=\"wp-block-heading has-medium-font-size\">Entdecken Sie den Charme von Villas Flamenco: Ihr idealer Aufenthalt f\u00fcr den MotoGP 2025 und Entspannung am Strand<\/h2>\n\n\n\n<p>Sind Sie ein Fan von Motorr\u00e4dern und dem Nervenkitzel der Geschwindigkeit? Stellen Sie sich vor, den Adrenalinrausch der MotoGP 2025 mit dem ruhigen Vergn\u00fcgen der Meereswellen zu kombinieren. Auf <strong>Flamenco-Villen<\/strong> wir bieten Ihnen diese perfekte Kombination. Unsere Villen liegen nur 40 Minuten von der Rennstrecke entfernt und sind Ihr privates Refugium, wo Asphalt auf Sand trifft.<\/p>\n\n\n\n<p><strong>Mit Freunden teilen<\/strong>Ein einzigartiger Raum zum Erinnern<\/p>\n\n\n\n<p>Unsere Villen sind die leere Leinwand f\u00fcr Ihre Erinnerungen an das Meer. Mit ihren gro\u00dfz\u00fcgigen R\u00e4umen und ihrer einladenden Atmosph\u00e4re sind die Villas Flamenco der ideale Ort, um sie mit Freunden und Verwandten zu teilen. Feiern Sie den Nervenkitzel eines jeden Rennens und entspannen Sie sich in einer privaten Umgebung, die zu Geselligkeit einl\u00e4dt und unvergessliche Verbindungen schafft.<\/p>\n\n\n\n<p>Luxus und Komfort nur wenige Schritte vom Strand entfernt<\/p>\n\n\n\n<figure class=\"wp-block-image size-full is-resized\"><img loading=\"lazy\" decoding=\"async\" width=\"400\" height=\"284\" src=\"https:\/\/villasflamenco.com\/wp-content\/uploads\/2024\/03\/ori-185614-0-400x284-1.jpg\" alt=\"\" class=\"wp-image-158\" style=\"width:624px;height:auto\"\/><\/figure>\n\n\n\n<p>Wachen Sie mit dem Meer auf und erleben Sie den Luxus, den Strand zum Greifen nah zu haben. In unseren Premium-Unterk\u00fcnften k\u00f6nnen Sie auf Ihrer eigenen Terrasse die Meeresbrise genie\u00dfen, unvergleichliche Sonnenunterg\u00e4nge beobachten und in der Privatsph\u00e4re Ihrer Villa ein Sonnenbad nehmen - und das alles nur wenige Meter vom Strand entfernt.<\/p>\n\n\n\n<p>Individuelles Erlebnis: <strong>Jenseits des Hotels<\/strong><\/p>\n\n\n\n<p>Vergessen Sie restriktive Zeitpl\u00e4ne und gemeinsam genutzte Hotelzimmer. In den Villas Flamenco bestimmen Sie Ihren Tag selbst. Bereiten Sie Ihr Fr\u00fchst\u00fcck oder Mittagessen im Freien zu, genie\u00dfen Sie ein Glas Wein in Ihrer Lounge oder entspannen Sie sich einfach in Ihrem Zimmer mit Blick auf das Meer. Die Privatsph\u00e4re und die Flexibilit\u00e4t, die wir Ihnen bieten, \u00fcbertreffen die Erwartungen an einen traditionellen Aufenthalt und erm\u00f6glichen es Ihnen, mit allem Komfort wie zu Hause zu leben.<\/p>\n\n\n\n<p>Vorteile eines Privataufenthalts<\/p>\n\n\n\n<p><strong>Absoluter Datenschutz<\/strong>Genie\u00dfen Sie die Gesellschaft Ihrer Freunde ohne Unterbrechungen oder gemeinsame R\u00e4ume mit Fremden.<br><strong>Platz und Komfort<\/strong>Villen mit kompletter Ausstattung, damit Sie sich wie zu Hause f\u00fchlen, mit mehreren Zimmern und Gemeinschaftsr\u00e4umen.<br><strong>Flexibilit\u00e4t der Zeitpl\u00e4ne<\/strong>Ihre Routine ist Ihre Entscheidung, von den Mahlzeiten bis zur Schlafenszeit.<br><strong>Die N\u00e4he zur Natur<\/strong>Der Strand ist Ihr Hinterhof, ein Luxus, den nur wenige Unterk\u00fcnfte bieten k\u00f6nnen.<br>Buchen Sie Ihren Aufenthalt in den Villas Flamenco und erleben Sie ein unvergleichliches Erlebnis. Kombinieren Sie die Leidenschaft des MotoGP 2024 mit dem Vergn\u00fcgen der Ruhe am Strand in einer exklusiven und luxuri\u00f6sen Umgebung. Wir hoffen, dass wir der perfekte R\u00fcckzugsort f\u00fcr Sie und Ihre Freunde bei einem Ausflug sein werden, der Geschwindigkeit, Sonne und Meer verspricht!<\/p>\n\n\n\n<p><a href=\"https:\/\/motogppremier.motogp.com\/es\/2025-motogp-jerez\" target=\"_blank\" data-type=\"link\" data-id=\"https:\/\/www.motogp.com\/es\/calendar\/2024\/event\/espana\/28a109d0-db1f-47da-9958-ba1635ecda29\" rel=\"noreferrer noopener\">MotoGP 2025 Kalender in Jerez hier <\/a><\/p>\n\n\n\n<p><\/p>\n\n\n\n<p><\/p>","protected":false},"excerpt":{"rendered":"<p>Descubre el Encanto de Villas Flamenco: Tu Estancia Ideal para MotoGP 2025 y Relax en la Playa \u00bfEres aficionado a las motos y la emoci\u00f3n de la velocidad? Imagina combinar la adrenalina del MotoGP 2025 con el sereno placer de las olas del mar. En Villas Flamenco te ofrecemos esa combinaci\u00f3n perfecta. Ubicados a tan [&hellip;]<\/p>\n","protected":false},"author":1,"featured_media":861,"parent":0,"menu_order":0,"comment_status":"closed","ping_status":"closed","template":"","meta":{"footnotes":""},"class_list":["post-307","page","type-page","status-publish","has-post-thumbnail","hentry"],"_links":{"self":[{"href":"https:\/\/villasflamenco.com\/de\/wp-json\/wp\/v2\/pages\/307","targetHints":{"allow":["GET"]}}],"collection":[{"href":"https:\/\/villasflamenco.com\/de\/wp-json\/wp\/v2\/pages"}],"about":[{"href":"https:\/\/villasflamenco.com\/de\/wp-json\/wp\/v2\/types\/page"}],"author":[{"embeddable":true,"href":"https:\/\/villasflamenco.com\/de\/wp-json\/wp\/v2\/users\/1"}],"replies":[{"embeddable":true,"href":"https:\/\/villasflamenco.com\/de\/wp-json\/wp\/v2\/comments?post=307"}],"version-history":[{"count":7,"href":"https:\/\/villasflamenco.com\/de\/wp-json\/wp\/v2\/pages\/307\/revisions"}],"predecessor-version":[{"id":860,"href":"https:\/\/villasflamenco.com\/de\/wp-json\/wp\/v2\/pages\/307\/revisions\/860"}],"wp:featuredmedia":[{"embeddable":true,"href":"https:\/\/villasflamenco.com\/de\/wp-json\/wp\/v2\/media\/861"}],"wp:attachment":[{"href":"https:\/\/villasflamenco.com\/de\/wp-json\/wp\/v2\/media?parent=307"}],"curies":[{"name":"wp","href":"https:\/\/api.w.org\/{rel}","templated":true}]}}